{"id":106,"date":"2015-05-07T17:56:43","date_gmt":"2015-05-07T17:56:43","guid":{"rendered":"http:\/\/localhost\/acelerant\/?page_id=106"},"modified":"2018-09-21T22:56:07","modified_gmt":"2018-09-21T22:56:07","slug":"ventas-y-servicio-al-cliente","status":"publish","type":"page","link":"https:\/\/acelerant.com.mx\/index.php\/ventas-y-servicio-al-cliente\/","title":{"rendered":"Ventas y servicio al cliente"},"content":{"rendered":"<p style=\"text-align: justify;\">El enfoque es el desarrollar la habilidad para vender y el trato con la gente. Ser capaz de enfrentar a un cliente molesto, dar soluciones a los problemas y retos con los clientes y ser capaz de detectar sus necesidades y deseos para poder ofrecer una soluci\u00f3n a trav\u00e9s de los productos o servicios que presta su empresa, son elementos que encuentran respuesta a trav\u00e9s de esta \u00e1rea de especialidad. Aqu\u00ed podr\u00e1s encontrar muchos cursos que son dise\u00f1ados y desarrollados a la medida de las necesidades de tu empresa. No importa si vendes por cat\u00e1logo, en mostrador o a trav\u00e9s de soluciones de alta especialidad y tecnolog\u00eda. Nuestros especialistas se encargar\u00e1n de dar soluci\u00f3n a tus necesidades.<\/p>\n<p>En esta \u00e1rea podr\u00e1s encontrar cursos como:<\/p>\n<ul>\n<li>Dominando el proceso de ventas<\/li>\n<li>Servicio al cliente de clase mundial<\/li>\n<li>Ventas efectivas<\/li>\n<li>Atenci\u00f3n telef\u00f3nica<\/li>\n<li>Clienting<\/li>\n<\/ul>\n<p>&nbsp;<\/p>\n<p><em>Si requieres m\u00e1s informaci\u00f3n sobre uno de estos cursos o deseas que nos pongamos en contacto contigo para ayudarte en alg\u00fan reto espec\u00edfico que tengas en mente, por favor da <a href=\"http:\/\/acelerant.com.mx\/index.php\/contacto-2\/\" target=\"_blank\" rel=\"noopener\">click aqu\u00ed<\/a>.<\/em><\/p>\n","protected":false},"excerpt":{"rendered":"<p>El enfoque es el desarrollar la habilidad para vender y el trato con la gente. Ser capaz de enfrentar a un cliente molesto, dar soluciones a los problemas y retos con los<\/p>\n<a class=\"moretag noptoppad\" href=\"https:\/\/acelerant.com.mx\/index.php\/ventas-y-servicio-al-cliente\/\">Read More...<\/a>","protected":false},"author":1,"featured_media":694,"parent":0,"menu_order":0,"comment_status":"closed","ping_status":"closed","template":"","meta":{"_monsterinsights_skip_tracking":false,"_monsterinsights_sitenote_active":false,"_monsterinsights_sitenote_note":"","_monsterinsights_sitenote_category":0,"footnotes":""},"class_list":["post-106","page","type-page","status-publish","has-post-thumbnail","hentry"],"aioseo_notices":[],"_links":{"self":[{"href":"https:\/\/acelerant.com.mx\/index.php\/wp-json\/wp\/v2\/pages\/106","targetHints":{"allow":["GET"]}}],"collection":[{"href":"https:\/\/acelerant.com.mx\/index.php\/wp-json\/wp\/v2\/pages"}],"about":[{"href":"https:\/\/acelerant.com.mx\/index.php\/wp-json\/wp\/v2\/types\/page"}],"author":[{"embeddable":true,"href":"https:\/\/acelerant.com.mx\/index.php\/wp-json\/wp\/v2\/users\/1"}],"replies":[{"embeddable":true,"href":"https:\/\/acelerant.com.mx\/index.php\/wp-json\/wp\/v2\/comments?post=106"}],"version-history":[{"count":5,"href":"https:\/\/acelerant.com.mx\/index.php\/wp-json\/wp\/v2\/pages\/106\/revisions"}],"predecessor-version":[{"id":576,"href":"https:\/\/acelerant.com.mx\/index.php\/wp-json\/wp\/v2\/pages\/106\/revisions\/576"}],"wp:featuredmedia":[{"embeddable":true,"href":"https:\/\/acelerant.com.mx\/index.php\/wp-json\/wp\/v2\/media\/694"}],"wp:attachment":[{"href":"https:\/\/acelerant.com.mx\/index.php\/wp-json\/wp\/v2\/media?parent=106"}],"curies":[{"name":"wp","href":"https:\/\/api.w.org\/{rel}","templated":true}]}}