{"id":110,"date":"2015-05-07T18:00:56","date_gmt":"2015-05-07T18:00:56","guid":{"rendered":"http:\/\/localhost\/acelerant\/?page_id=110"},"modified":"2018-09-21T23:47:45","modified_gmt":"2018-09-21T23:47:45","slug":"consultoria-estrategica","status":"publish","type":"page","link":"https:\/\/acelerant.com.mx\/index.php\/consultoria-estrategica\/","title":{"rendered":"Consultor\u00eda Corporativa"},"content":{"rendered":"<p style=\"text-align: justify;\">\u00bfTienes un nuevo proyecto en las manos? \u00bfDeseas mejorar los resultados de tu equipo o de tu empresa? \u00bfQuieres minimizar tiempos muertos y los problemas? \u00bfTienes una presentaci\u00f3n muy importante en la cual debes impactar y convencer? \u00bfDeseas una presentaci\u00f3n en PREZI que sea memorable? Te acompa\u00f1amos en el proceso.<\/p>\n<p style=\"text-align: justify;\">Nuestros consultores ofrecen su experiencia, conocimiento y dedicaci\u00f3n en ayudarte a desarrollar una nueva estrategia empresarial o comercial, el an\u00e1lisis y mejora de procesos de tu empresa o tambi\u00e9n a dise\u00f1ar y desarrollar de todo a todo una presentaci\u00f3n importante para ti. Hemos desarrollado soluciones y presentaciones a profesionistas de variedad de industrias. Estamos deseosos de escucharte y determinar de qu\u00e9 manera te podemos ayudar a lograr el objetivo que buscas. No dudes en consultarnos.<\/p>\n<p style=\"text-align: justify;\">Consultor\u00eda en:<\/p>\n<ul style=\"text-align: justify;\">\n<li>Desarrollo e implementaci\u00f3n de nueva estrategia corporativa<\/li>\n<li>Desarrollo e implementaci\u00f3n de nueva estrategia comercial<\/li>\n<li>An\u00e1lisis y mejora de procesos<\/li>\n<li>Consultor\u00eda en presentaciones profesionales<\/li>\n<li>Dise\u00f1o y Desarrollo de presentaciones<\/li>\n<\/ul>\n<p style=\"text-align: justify;\">Nuestros expertos le pueden acompa\u00f1ar en desarrollar.<\/p>\n<p style=\"text-align: justify;\"><em>Si requieres m\u00e1s informaci\u00f3n sobre estos servicios de consultor\u00eda\u00a0o deseas que nos pongamos en contacto contigo, por favor da <a href=\"http:\/\/acelerant.com.mx\/index.php\/contacto-2\/\" target=\"_blank\" rel=\"noopener\">click aqu\u00ed<\/a><\/em>.<\/p>\n","protected":false},"excerpt":{"rendered":"<p>\u00bfTienes un nuevo proyecto en las manos? \u00bfDeseas mejorar los resultados de tu equipo o de tu empresa? \u00bfQuieres minimizar tiempos muertos y los problemas? \u00bfTienes una presentaci\u00f3n muy importante en la<\/p>\n<a class=\"moretag noptoppad\" href=\"https:\/\/acelerant.com.mx\/index.php\/consultoria-estrategica\/\">Read More...<\/a>","protected":false},"author":1,"featured_media":700,"parent":0,"menu_order":0,"comment_status":"closed","ping_status":"closed","template":"","meta":{"_monsterinsights_skip_tracking":false,"_monsterinsights_sitenote_active":false,"_monsterinsights_sitenote_note":"","_monsterinsights_sitenote_category":0,"footnotes":""},"class_list":["post-110","page","type-page","status-publish","has-post-thumbnail","hentry"],"aioseo_notices":[],"_links":{"self":[{"href":"https:\/\/acelerant.com.mx\/index.php\/wp-json\/wp\/v2\/pages\/110","targetHints":{"allow":["GET"]}}],"collection":[{"href":"https:\/\/acelerant.com.mx\/index.php\/wp-json\/wp\/v2\/pages"}],"about":[{"href":"https:\/\/acelerant.com.mx\/index.php\/wp-json\/wp\/v2\/types\/page"}],"author":[{"embeddable":true,"href":"https:\/\/acelerant.com.mx\/index.php\/wp-json\/wp\/v2\/users\/1"}],"replies":[{"embeddable":true,"href":"https:\/\/acelerant.com.mx\/index.php\/wp-json\/wp\/v2\/comments?post=110"}],"version-history":[{"count":8,"href":"https:\/\/acelerant.com.mx\/index.php\/wp-json\/wp\/v2\/pages\/110\/revisions"}],"predecessor-version":[{"id":703,"href":"https:\/\/acelerant.com.mx\/index.php\/wp-json\/wp\/v2\/pages\/110\/revisions\/703"}],"wp:featuredmedia":[{"embeddable":true,"href":"https:\/\/acelerant.com.mx\/index.php\/wp-json\/wp\/v2\/media\/700"}],"wp:attachment":[{"href":"https:\/\/acelerant.com.mx\/index.php\/wp-json\/wp\/v2\/media?parent=110"}],"curies":[{"name":"wp","href":"https:\/\/api.w.org\/{rel}","templated":true}]}}