{"id":282,"date":"2015-05-12T17:29:47","date_gmt":"2015-05-12T17:29:47","guid":{"rendered":"http:\/\/localhost\/acelerant\/?page_id=282"},"modified":"2018-09-21T22:14:36","modified_gmt":"2018-09-21T22:14:36","slug":"estrategia","status":"publish","type":"page","link":"https:\/\/acelerant.com.mx\/index.php\/estrategia\/","title":{"rendered":"Estrategia"},"content":{"rendered":"<p style=\"text-align: justify;\">Las empresas en crecimiento desean que la gente que ya conoce el negocio siga creciendo junto con ellos. Sin embargo en ocasiones es necesario ayudar a los individuos a pensar m\u00e1s all\u00e1 de sus responsabilidades actuales y de todos los d\u00edas. Se requiere una visi\u00f3n global y estrat\u00e9gica que les permita adelantarse a los problemas y retos que una empresa o departamento se puede enfrentar.<\/p>\n<p style=\"text-align: justify;\">En estos cursos se desarrolla la habilidad de analizar la competencia, el mercado, la industria, los factores macroecon\u00f3micos y la globalidad as\u00ed como el uso de herramientas de an\u00e1lisis y mejora como: Pensamiento innovador, Sun-Tsu, Porter, An\u00e1lisis SWOT, Cadena de Valor, Business Intelligence, Balance Scorecard, Design Thinking entre muchas otras.<\/p>\n<p style=\"text-align: justify;\">Los cursos que conforman el \u00e1rea son:<\/p>\n<ul>\n<li>Pensamiento estrat\u00e9gico<\/li>\n<li>Design Thinking<\/li>\n<li>Estrategias de mercadotecnia<\/li>\n<li>Entre otros.<\/li>\n<\/ul>\n<p>&nbsp;<\/p>\n<p><em>Si requieres m\u00e1s informaci\u00f3n sobre uno de estos cursos o deseas que nos pongamos en contacto contigo para ayudarte en alg\u00fan reto espec\u00edfico que tengas en mente, por favor da <a href=\"http:\/\/acelerant.com.mx\/index.php\/contacto-2\/\" target=\"_blank\" rel=\"noopener\">click aqu\u00ed<\/a><\/em>.<\/p>\n","protected":false},"excerpt":{"rendered":"<p>Las empresas en crecimiento desean que la gente que ya conoce el negocio siga creciendo junto con ellos. Sin embargo en ocasiones es necesario ayudar a los individuos a pensar m\u00e1s all\u00e1<\/p>\n<a class=\"moretag noptoppad\" href=\"https:\/\/acelerant.com.mx\/index.php\/estrategia\/\">Read More...<\/a>","protected":false},"author":1,"featured_media":690,"parent":0,"menu_order":0,"comment_status":"closed","ping_status":"closed","template":"","meta":{"_monsterinsights_skip_tracking":false,"_monsterinsights_sitenote_active":false,"_monsterinsights_sitenote_note":"","_monsterinsights_sitenote_category":0,"footnotes":""},"class_list":["post-282","page","type-page","status-publish","has-post-thumbnail","hentry"],"aioseo_notices":[],"_links":{"self":[{"href":"https:\/\/acelerant.com.mx\/index.php\/wp-json\/wp\/v2\/pages\/282","targetHints":{"allow":["GET"]}}],"collection":[{"href":"https:\/\/acelerant.com.mx\/index.php\/wp-json\/wp\/v2\/pages"}],"about":[{"href":"https:\/\/acelerant.com.mx\/index.php\/wp-json\/wp\/v2\/types\/page"}],"author":[{"embeddable":true,"href":"https:\/\/acelerant.com.mx\/index.php\/wp-json\/wp\/v2\/users\/1"}],"replies":[{"embeddable":true,"href":"https:\/\/acelerant.com.mx\/index.php\/wp-json\/wp\/v2\/comments?post=282"}],"version-history":[{"count":4,"href":"https:\/\/acelerant.com.mx\/index.php\/wp-json\/wp\/v2\/pages\/282\/revisions"}],"predecessor-version":[{"id":562,"href":"https:\/\/acelerant.com.mx\/index.php\/wp-json\/wp\/v2\/pages\/282\/revisions\/562"}],"wp:featuredmedia":[{"embeddable":true,"href":"https:\/\/acelerant.com.mx\/index.php\/wp-json\/wp\/v2\/media\/690"}],"wp:attachment":[{"href":"https:\/\/acelerant.com.mx\/index.php\/wp-json\/wp\/v2\/media?parent=282"}],"curies":[{"name":"wp","href":"https:\/\/api.w.org\/{rel}","templated":true}]}}