{"id":286,"date":"2015-05-12T17:31:37","date_gmt":"2015-05-12T17:31:37","guid":{"rendered":"http:\/\/localhost\/acelerant\/?page_id=286"},"modified":"2018-09-21T19:38:33","modified_gmt":"2018-09-21T19:38:33","slug":"imagen","status":"publish","type":"page","link":"https:\/\/acelerant.com.mx\/index.php\/imagen\/","title":{"rendered":"Imagen"},"content":{"rendered":"<p style=\"text-align: justify;\"><em>Para ser, hay que parecer<\/em>. A trav\u00e9s de nuestra alianza estrat\u00e9gica con la especialista Sandra Ba\u00f1uelos hemos logrado desarrollar cursos que nos permitan transmitir y ser percibidos como deseamos. Seamos l\u00edderes en nuestra empresa, vendedores o personas que atienden a los clientes de la empresa; nuestra imagen debe estar acorde a lo que deseamos transmitir como personas y como empresa. No estamos diciendo que la imagen es todo. De nada sirve una buena imagen si es solo un cascaron y un enga\u00f1o. Pero si logramos conjuntar nuestras habilidades y capacidades con la correcta imagen entonces ganamos poder de persuasi\u00f3n y convencimiento. Logramos que nuestra empresa y nuestra persona impacten a quienes est\u00e1n alrededor.<\/p>\n<p style=\"text-align: justify;\">En esta \u00e1rea de especialidad encontrar\u00e1s cursos como:<\/p>\n<ul>\n<li style=\"text-align: justify;\">Imagen personal<\/li>\n<li style=\"text-align: justify;\">Imagen profesional<\/li>\n<li style=\"text-align: justify;\">Maquillaje Ejecutivo<\/li>\n<li style=\"text-align: justify;\">Imagen y ventas<\/li>\n<li style=\"text-align: justify;\">Herramientas de poder en los negocios<\/li>\n<li style=\"text-align: justify;\">Protocolo ejecutivo<\/li>\n<li style=\"text-align: justify;\">Protocolo en la oficina<\/li>\n<\/ul>\n<p>&nbsp;<\/p>\n<p><em>Si requieres m\u00e1s informaci\u00f3n sobre uno de estos cursos o deseas que nos pongamos en contacto contigo para ayudarte en alg\u00fan reto espec\u00edfico que tengas en mente, por favor da <a href=\"http:\/\/acelerant.com.mx\/index.php\/contacto-2\/\" target=\"_blank\" rel=\"noopener\">click aqu\u00ed<\/a><\/em>.<\/p>\n","protected":false},"excerpt":{"rendered":"<p>Para ser, hay que parecer. A trav\u00e9s de nuestra alianza estrat\u00e9gica con la especialista Sandra Ba\u00f1uelos hemos logrado desarrollar cursos que nos permitan transmitir y ser percibidos como deseamos. Seamos l\u00edderes en<\/p>\n<a class=\"moretag noptoppad\" href=\"https:\/\/acelerant.com.mx\/index.php\/imagen\/\">Read More...<\/a>","protected":false},"author":1,"featured_media":685,"parent":0,"menu_order":0,"comment_status":"closed","ping_status":"closed","template":"","meta":{"_monsterinsights_skip_tracking":false,"_monsterinsights_sitenote_active":false,"_monsterinsights_sitenote_note":"","_monsterinsights_sitenote_category":0,"footnotes":""},"class_list":["post-286","page","type-page","status-publish","has-post-thumbnail","hentry"],"aioseo_notices":[],"_links":{"self":[{"href":"https:\/\/acelerant.com.mx\/index.php\/wp-json\/wp\/v2\/pages\/286","targetHints":{"allow":["GET"]}}],"collection":[{"href":"https:\/\/acelerant.com.mx\/index.php\/wp-json\/wp\/v2\/pages"}],"about":[{"href":"https:\/\/acelerant.com.mx\/index.php\/wp-json\/wp\/v2\/types\/page"}],"author":[{"embeddable":true,"href":"https:\/\/acelerant.com.mx\/index.php\/wp-json\/wp\/v2\/users\/1"}],"replies":[{"embeddable":true,"href":"https:\/\/acelerant.com.mx\/index.php\/wp-json\/wp\/v2\/comments?post=286"}],"version-history":[{"count":4,"href":"https:\/\/acelerant.com.mx\/index.php\/wp-json\/wp\/v2\/pages\/286\/revisions"}],"predecessor-version":[{"id":565,"href":"https:\/\/acelerant.com.mx\/index.php\/wp-json\/wp\/v2\/pages\/286\/revisions\/565"}],"wp:featuredmedia":[{"embeddable":true,"href":"https:\/\/acelerant.com.mx\/index.php\/wp-json\/wp\/v2\/media\/685"}],"wp:attachment":[{"href":"https:\/\/acelerant.com.mx\/index.php\/wp-json\/wp\/v2\/media?parent=286"}],"curies":[{"name":"wp","href":"https:\/\/api.w.org\/{rel}","templated":true}]}}