{"id":362,"date":"2015-05-19T15:03:08","date_gmt":"2015-05-19T15:03:08","guid":{"rendered":"http:\/\/acelerant.com.mx\/?page_id=362"},"modified":"2018-09-21T23:33:39","modified_gmt":"2018-09-21T23:33:39","slug":"coaching-2","status":"publish","type":"page","link":"https:\/\/acelerant.com.mx\/index.php\/coaching-2\/","title":{"rendered":"Coaching"},"content":{"rendered":"<p style=\"text-align: justify;\">Es una t\u00e9cnica conversacional que genera estados emocionales \u00f3ptimos\u00a0para el mejor desempe\u00f1o del individuo y el logro de sus metas. El Coaching incrementa en los individuos el nivel de conciencia, sobre sus valores, sus creencias limitantes, sus estados emocionales, con lo cual expande su capacidad de elecci\u00f3n, se adue\u00f1a de su potencial, y maximiza sus recursos. Nuestros clientes pueden vivir el coaching de manera personal o capacitarse para desarrollar esta habilidad que va m\u00e1s all\u00e1 de una habilidad para la vida profesional. El vivir el coaching te hace cambiar la manera en que respondes ante la vida a trav\u00e9s de tu consciencia.<\/p>\n<p>En esta \u00e1rea de especialidad encontrar\u00e1s servicios y cursos como:<\/p>\n<ul>\n<li>Coaching<\/li>\n<li>Coaching de vida<\/li>\n<li>Coaching de equipos<\/li>\n<li>Coaching de salud<\/li>\n<\/ul>\n<p>&nbsp;<\/p>\n<p style=\"text-align: justify;\"><em>Si requieres m\u00e1s informaci\u00f3n sobre uno de estos cursos o deseas que nos pongamos en contacto contigo para ayudarte en alg\u00fan reto espec\u00edfico que tengas en mente, por favor da <a href=\"http:\/\/acelerant.com.mx\/index.php\/contacto-2\/\" target=\"_blank\" rel=\"noopener\">click aqu\u00ed<\/a>.<\/em><\/p>\n","protected":false},"excerpt":{"rendered":"<p>Es una t\u00e9cnica conversacional que genera estados emocionales \u00f3ptimos\u00a0para el mejor desempe\u00f1o del individuo y el logro de sus metas. El Coaching incrementa en los individuos el nivel de conciencia, sobre sus<\/p>\n<a class=\"moretag noptoppad\" href=\"https:\/\/acelerant.com.mx\/index.php\/coaching-2\/\">Read More...<\/a>","protected":false},"author":1,"featured_media":699,"parent":0,"menu_order":0,"comment_status":"closed","ping_status":"closed","template":"","meta":{"_monsterinsights_skip_tracking":false,"_monsterinsights_sitenote_active":false,"_monsterinsights_sitenote_note":"","_monsterinsights_sitenote_category":0,"footnotes":""},"class_list":["post-362","page","type-page","status-publish","has-post-thumbnail","hentry"],"aioseo_notices":[],"_links":{"self":[{"href":"https:\/\/acelerant.com.mx\/index.php\/wp-json\/wp\/v2\/pages\/362","targetHints":{"allow":["GET"]}}],"collection":[{"href":"https:\/\/acelerant.com.mx\/index.php\/wp-json\/wp\/v2\/pages"}],"about":[{"href":"https:\/\/acelerant.com.mx\/index.php\/wp-json\/wp\/v2\/types\/page"}],"author":[{"embeddable":true,"href":"https:\/\/acelerant.com.mx\/index.php\/wp-json\/wp\/v2\/users\/1"}],"replies":[{"embeddable":true,"href":"https:\/\/acelerant.com.mx\/index.php\/wp-json\/wp\/v2\/comments?post=362"}],"version-history":[{"count":4,"href":"https:\/\/acelerant.com.mx\/index.php\/wp-json\/wp\/v2\/pages\/362\/revisions"}],"predecessor-version":[{"id":563,"href":"https:\/\/acelerant.com.mx\/index.php\/wp-json\/wp\/v2\/pages\/362\/revisions\/563"}],"wp:featuredmedia":[{"embeddable":true,"href":"https:\/\/acelerant.com.mx\/index.php\/wp-json\/wp\/v2\/media\/699"}],"wp:attachment":[{"href":"https:\/\/acelerant.com.mx\/index.php\/wp-json\/wp\/v2\/media?parent=362"}],"curies":[{"name":"wp","href":"https:\/\/api.w.org\/{rel}","templated":true}]}}