{"id":3728,"date":"2020-11-10T07:29:04","date_gmt":"2020-11-10T07:29:04","guid":{"rendered":"http:\/\/acelerant.com.mx\/?page_id=3728"},"modified":"2020-11-10T07:48:12","modified_gmt":"2020-11-10T07:48:12","slug":"enfoque-y-beneficios","status":"publish","type":"page","link":"https:\/\/acelerant.com.mx\/index.php\/enfoque-y-beneficios\/","title":{"rendered":"Enfoque y Beneficios"},"content":{"rendered":"\n<p>Hay que decir que la NOM035 tiene un muy buen enfoque a cuidar a los colaboradores de una empresa, lo cual es muy bueno. Pero no solo eso. Tambi\u00e9n est\u00e1 enfocado a ayudar a las empresas a lograr aumentar la productividad y la eficiencia sin que eso signifique la explotaci\u00f3n de la gente. <\/p>\n\n\n\n<p>Pero implementar la norma no es solo cumplir con los requisitos, sino tener la direcci\u00f3n y experiencia adecuada para saber guiar los esfuerzos y lograr un verdadero beneficio. <\/p>\n\n\n\n<p>En Aceler\u00e2nt nos hemos dedicado por m\u00e1s de 20 a\u00f1os en ayudar a las empresas a acelerar su potencial y dicha experiencia es la que aplicamos en nuestros clientes para lograr un verdadero cambio y tener los resultados que busca la norma. Conf\u00eda en que nuestros procesos y m\u00e9todos para implementarla nos han ayudado a generar verdaderos cambios en el ambiente laboral de las empresas. <\/p>\n","protected":false},"excerpt":{"rendered":"<p>Hay que decir que la NOM035 tiene un muy buen enfoque a cuidar a los colaboradores de una empresa, lo cual es muy bueno. Pero no solo eso. Tambi\u00e9n est\u00e1 enfocado a<\/p>\n<a class=\"moretag noptoppad\" href=\"https:\/\/acelerant.com.mx\/index.php\/enfoque-y-beneficios\/\">Read More...<\/a>","protected":false},"author":1,"featured_media":0,"parent":0,"menu_order":0,"comment_status":"closed","ping_status":"closed","template":"","meta":{"_monsterinsights_skip_tracking":false,"_monsterinsights_sitenote_active":false,"_monsterinsights_sitenote_note":"","_monsterinsights_sitenote_category":0,"footnotes":""},"class_list":["post-3728","page","type-page","status-publish","hentry"],"aioseo_notices":[],"_links":{"self":[{"href":"https:\/\/acelerant.com.mx\/index.php\/wp-json\/wp\/v2\/pages\/3728","targetHints":{"allow":["GET"]}}],"collection":[{"href":"https:\/\/acelerant.com.mx\/index.php\/wp-json\/wp\/v2\/pages"}],"about":[{"href":"https:\/\/acelerant.com.mx\/index.php\/wp-json\/wp\/v2\/types\/page"}],"author":[{"embeddable":true,"href":"https:\/\/acelerant.com.mx\/index.php\/wp-json\/wp\/v2\/users\/1"}],"replies":[{"embeddable":true,"href":"https:\/\/acelerant.com.mx\/index.php\/wp-json\/wp\/v2\/comments?post=3728"}],"version-history":[{"count":2,"href":"https:\/\/acelerant.com.mx\/index.php\/wp-json\/wp\/v2\/pages\/3728\/revisions"}],"predecessor-version":[{"id":3739,"href":"https:\/\/acelerant.com.mx\/index.php\/wp-json\/wp\/v2\/pages\/3728\/revisions\/3739"}],"wp:attachment":[{"href":"https:\/\/acelerant.com.mx\/index.php\/wp-json\/wp\/v2\/media?parent=3728"}],"curies":[{"name":"wp","href":"https:\/\/api.w.org\/{rel}","templated":true}]}}