{"id":44,"date":"2015-05-06T15:20:16","date_gmt":"2015-05-06T15:20:16","guid":{"rendered":"http:\/\/localhost\/acelerant\/?page_id=44"},"modified":"2020-11-07T04:06:45","modified_gmt":"2020-11-07T04:06:45","slug":"quienes-somos","status":"publish","type":"page","link":"https:\/\/acelerant.com.mx\/index.php\/quienes-somos\/","title":{"rendered":"\u00bfQUI\u00c9NES SOMOS?"},"content":{"rendered":"<h2><\/h2>\n<p style=\"text-align: justify;\">Somos una empresa de consultor\u00eda y capacitaci\u00f3n fundada en el 2000. Desde entonces hemos tenido la oportunidad de colaborar y ayudar a muchas empresas a mejorar sus resultados y capacitar a su gente.<\/p>\n[wpcdt-countdown id = &#8220;1&#8221;]\n<h2 style=\"text-align: justify;\">Clientes<\/h2>\n<p><img fetchpriority=\"high\" decoding=\"async\" class=\" aligncenter wp-image-311 size-full\" src=\"http:\/\/acelerant.com.mx\/wp-content\/uploads\/2015\/05\/CLIENTES.png\" alt=\"CLIENTES\" width=\"565\" height=\"538\" srcset=\"https:\/\/acelerant.com.mx\/wp-content\/uploads\/2015\/05\/CLIENTES.png 565w, https:\/\/acelerant.com.mx\/wp-content\/uploads\/2015\/05\/CLIENTES-300x286.png 300w\" sizes=\"(max-width: 565px) 100vw, 565px\" \/><\/p>\n<h2 style=\"text-align: justify;\"><\/h2>\n<h2 style=\"text-align: justify;\">Instructores y consultores<\/h2>\n<p style=\"text-align: justify;\">Nuestros instructores y consultores son personas altamente calificadas y con amplia experiencia en compa\u00f1\u00edas l\u00edderes en M\u00e9xico; reciben una certificaci\u00f3n anual para asegurar la actualidad y eficiencia en su desempe\u00f1o. Por mencionar algunos, podemos encontrar:<\/p>\n<h3 style=\"text-align: justify;\">Mtro. Roberto Acosta<\/h3>\n<p style=\"text-align: justify;\"><img decoding=\"async\" class=\" size-full wp-image-313 alignleft\" src=\"http:\/\/acelerant.com.mx\/wp-content\/uploads\/2015\/05\/ROBERTO.jpg\" alt=\"ROBERTO\" width=\"131\" height=\"159\" \/>Director General de Aceler\u00e2nt Consulting Group. Ha sido l\u00edder en proyectos de consultor\u00eda en varias de las empresas m\u00e1s grandes de M\u00e9xico; tambi\u00e9n ha impartido capacitaci\u00f3n en diversos pa\u00edses de Am\u00e9rica Latina y asesora a diferentes empresas y empresarios sobre la gesti\u00f3n corporativa.<\/p>\n<p style=\"text-align: justify;\">Ha sido profesor del ITESM por m\u00e1s de 8 a\u00f1os, instructor certificado a nivel internacional y auditor de sistemas de calidad ISO9000. Tiene estudios de licenciatura y maestr\u00eda en universidades como el ITESM y Stanford University sobre diferentes disciplinas como Mercadotecnia, Finanzas, Administraci\u00f3n, y Alta Direcci\u00f3n.<\/p>\n<h3>Lic. Sandra V. Ba\u00f1uelos Hern\u00e1ndez<\/h3>\n<p style=\"text-align: justify;\"><img decoding=\"async\" class=\" alignleft wp-image-314 \" src=\"http:\/\/acelerant.com.mx\/wp-content\/uploads\/2015\/05\/Sandra.png\" alt=\"Sandra\" width=\"121\" height=\"182\" \/>Psic\u00f3loga organizacional egresada del Tecnol\u00f3gico de Monterrey (ITESM), ha desarrollado una excelente trayectoria tanto acad\u00e9mica como profesional en el \u00e1rea de Imagen y Recursos Humanos.<\/p>\n<p style=\"text-align: justify;\">A trav\u00e9s de su experiencia y conocimientos ha dado consultor\u00eda a ejecutivos de alto nivel, due\u00f1os de empresas y empresas multinacionales como: son Laboratorios Roche, AMD, LDM, Grupo Pascal, Ottobock, Tecnol\u00f3gico de Monterrey, Faces entre otras.<\/p>\n<p style=\"text-align: justify;\">Adem\u00e1s ha implementado diversos programas de capacitaci\u00f3n, desarrollo social, comunicaci\u00f3n organizacional y reconocimiento laboral a nivel nacional.\u00a0 Tambi\u00e9n ha ayudado a vendedores de diversas empresas a cambiar y mejorar su imagen tanto personal como profesionalmente.<\/p>\n<p style=\"text-align: justify;\">Su colaboraci\u00f3n como Gerente de Recursos Humanos en 7-Eleven M\u00e9xico y su direcci\u00f3n de consultor\u00eda en Imagen en Aceler\u00e2nt Consulting Group as\u00ed como sus estudios de posgrado en temas como consultor\u00eda, imagen y maquillaje en instituciones reconocidas como el Colegio de Consultores, Crespi Consultores, la Universidad Valle Continental, y Zaphir Image &amp; Make up Agency, dan soporte a su habilidad para ser una consultora altamente capacitada y especializada, logrando ser un agente de cambio tanto para empresas como individuos.<\/p>\n<h3 style=\"text-align: left;\">\u00a0Mtro. Raymundo Acosta<\/h3>\n<p style=\"text-align: justify;\"><img loading=\"lazy\" decoding=\"async\" class=\"alignleft wp-image-315 size-full\" src=\"http:\/\/acelerant.com.mx\/wp-content\/uploads\/2015\/05\/rAYMUNDO.png\" alt=\"rAYMUNDO\" width=\"124\" height=\"186\" \/>Catedr\u00e1tico del ITESM y Director Administrativo de Acosta Deportes, la cual cuenta con 40 a\u00f1os en el mercado. Especialista en liderazgo, administraci\u00f3n, y ventas.\u00a0 Instructor certificado a nivel internacional, conferencista y consultor en varios pa\u00edses de Latinoam\u00e9rica. Tambi\u00e9n es Consultor Financiero certificado por la AMIS.<\/p>\n<p style=\"text-align: justify;\">Sus estudios de posgrado en la universidad de Northwestern, su maestr\u00eda en administraci\u00f3n y carrera de econom\u00eda por el ITESM, le dan soporte a su amplia experiencia y sabidur\u00eda.<\/p>\n<h3>Coach Patricia Ferr\u00e1ez<\/h3>\n<p style=\"text-align: justify;\"><a href=\"http:\/\/acelerant.com.mx\/wp-content\/uploads\/2015\/05\/pATY-FERRAEZ.png\"><img loading=\"lazy\" decoding=\"async\" class=\"alignleft wp-image-316 \" src=\"http:\/\/acelerant.com.mx\/wp-content\/uploads\/2015\/05\/pATY-FERRAEZ.png\" alt=\"pATY FERRAEZ\" width=\"132\" height=\"197\" \/><\/a>Directora de Instrucci\u00f3n y Business Coach. Cuenta con m\u00e1s de 30 a\u00f1os de experiencia en instrucci\u00f3n. Coach certificado a nivel internacional. Ha capacitado a m\u00e1s de 4.500 personas en los \u00faltimos a\u00f1os en M\u00e9xico y Latinoam\u00e9rica. A trav\u00e9s de su gran capacidad de manejo de grupos, motivaci\u00f3n, habilidad de instrucci\u00f3n y coaching logra el desarrollo de conocimientos y habilidades en los dem\u00e1s.<\/p>\n<p style=\"text-align: justify;\">Emprendedora, empresaria y directora de alto nivel de varias organizaciones durante su carrera, le dan el conocimiento, experiencia y habilidades para detectar puntos de quiebre en las organizaciones y ayudarlas a implementar cambios con excelencia y facilidad.<\/p>\n<h3>Mtro. Miguel \u00c1ngel Ferr\u00e1ez<\/h3>\n<p style=\"text-align: justify;\">Tiene m\u00e1s de 20 a\u00f1os de experiencia administrando y desarrollando personal de una las m\u00e1s reconocidas empresas a nivel mundial y m\u00e1s de 10 a\u00f1os en la consultor\u00eda empresarial.<\/p>\n<p style=\"text-align: justify;\">En Procter &amp; Gamble estuvo a cargo de inteligencia de Mercados en Latino Am\u00e9rica y pa\u00edses en desarrollo, lo que le permiti\u00f3 adquirir experiencia en el manejo de equipos multi-funcionales, multi-culturales y ubicados en diferentes localidades. Su pensamiento estrat\u00e9gico, su conocimiento de la naturaleza humana y sus motivaciones, as\u00ed como su conocimiento de procesos de calidad lo han llevado a dirigir programas de outsourcing y de mejora continua a nivel mundial.<\/p>\n<p style=\"text-align: justify;\"><em>Nota: Si desea saber qui\u00e9nes m\u00e1s conforman nuestro cuerpo de instrucci\u00f3n y consultor\u00eda o requiere m\u00e1s informaci\u00f3n sobre la trayectoria y experiencia de estos, por favor no dude en solicitarla. <a href=\"http:\/\/acelerant.com.mx\/index.php\/contacto-2\/\" target=\"_blank\" rel=\"noopener noreferrer\">Click aqu\u00ed.<\/a><\/em><\/p>\n","protected":false},"excerpt":{"rendered":"<p>Somos una empresa de consultor\u00eda y capacitaci\u00f3n fundada en el 2000. Desde entonces hemos tenido la oportunidad de colaborar y ayudar a muchas empresas a mejorar sus resultados y capacitar a su<\/p>\n<a class=\"moretag noptoppad\" href=\"https:\/\/acelerant.com.mx\/index.php\/quienes-somos\/\">Read More...<\/a>","protected":false},"author":1,"featured_media":0,"parent":0,"menu_order":0,"comment_status":"closed","ping_status":"closed","template":"","meta":{"_monsterinsights_skip_tracking":false,"_monsterinsights_sitenote_active":false,"_monsterinsights_sitenote_note":"","_monsterinsights_sitenote_category":0,"footnotes":""},"class_list":["post-44","page","type-page","status-publish","hentry"],"aioseo_notices":[],"_links":{"self":[{"href":"https:\/\/acelerant.com.mx\/index.php\/wp-json\/wp\/v2\/pages\/44","targetHints":{"allow":["GET"]}}],"collection":[{"href":"https:\/\/acelerant.com.mx\/index.php\/wp-json\/wp\/v2\/pages"}],"about":[{"href":"https:\/\/acelerant.com.mx\/index.php\/wp-json\/wp\/v2\/types\/page"}],"author":[{"embeddable":true,"href":"https:\/\/acelerant.com.mx\/index.php\/wp-json\/wp\/v2\/users\/1"}],"replies":[{"embeddable":true,"href":"https:\/\/acelerant.com.mx\/index.php\/wp-json\/wp\/v2\/comments?post=44"}],"version-history":[{"count":8,"href":"https:\/\/acelerant.com.mx\/index.php\/wp-json\/wp\/v2\/pages\/44\/revisions"}],"predecessor-version":[{"id":3644,"href":"https:\/\/acelerant.com.mx\/index.php\/wp-json\/wp\/v2\/pages\/44\/revisions\/3644"}],"wp:attachment":[{"href":"https:\/\/acelerant.com.mx\/index.php\/wp-json\/wp\/v2\/media?parent=44"}],"curies":[{"name":"wp","href":"https:\/\/api.w.org\/{rel}","templated":true}]}}