{"id":48,"date":"2015-05-06T15:20:53","date_gmt":"2015-05-06T15:20:53","guid":{"rendered":"http:\/\/localhost\/acelerant\/?page_id=48"},"modified":"2020-11-10T06:01:07","modified_gmt":"2020-11-10T06:01:07","slug":"capacitacion-2","status":"publish","type":"page","link":"https:\/\/acelerant.com.mx\/index.php\/capacitacion-2\/","title":{"rendered":"Capacitaci\u00f3n en:"},"content":{"rendered":"<p style=\"text-align: justify;\">Somos especialistas en 8 \u00e1reas fundamentales. Cada \u00e1rea tiene una gama de habilidades y competencias que te ayudan a seguir desarrollando tu potencial y el de tu organizaci\u00f3n. Da click en cada una de ellas para descubrir lo que podemos lograr.<\/p>\n<p style=\"text-align: justify;\">Todas nuestras capacitaciones est\u00e1n avaladas por la STPS.<\/p>\n<p><a href=\"http:\/\/acelerant.com.mx\/index.php\/desarrollo-humano\/\" target=\"_blank\" rel=\"noopener noreferrer\">Desarrollo Humano<\/a><\/p>\n<p><a href=\"http:\/\/acelerant.com.mx\/index.php\/liderazgo\/\" target=\"_blank\" rel=\"noopener noreferrer\">Liderazgo<\/a><\/p>\n<p><a href=\"http:\/\/acelerant.com.mx\/index.php\/managment\/\" target=\"_blank\" rel=\"noopener noreferrer\">Management<\/a><\/p>\n<p><a href=\"http:\/\/acelerant.com.mx\/index.php\/ventas-y-servicio-al-cliente\/\" target=\"_blank\" rel=\"noopener noreferrer\">Ventas y Servicio al Cliente<\/a><\/p>\n<p><a href=\"http:\/\/acelerant.com.mx\/index.php\/comunicacion\/\" target=\"_blank\" rel=\"noopener noreferrer\">Comunicaci\u00f3n<\/a><\/p>\n<p><a href=\"http:\/\/acelerant.com.mx\/index.php\/estrategia\/\" target=\"_blank\" rel=\"noopener noreferrer\">Estrategia<\/a><\/p>\n<p><a href=\"http:\/\/acelerant.com.mx\/index.php\/coaching-2\/\" target=\"_blank\" rel=\"noopener noreferrer\">Coaching<\/a><\/p>\n<p style=\"text-align: justify;\"><a href=\"http:\/\/acelerant.com.mx\/index.php\/imagen\/\" target=\"_blank\" rel=\"noopener noreferrer\">Imagen<\/a><\/p>\n","protected":false},"excerpt":{"rendered":"<p>Somos especialistas en 8 \u00e1reas fundamentales. Cada \u00e1rea tiene una gama de habilidades y competencias que te ayudan a seguir desarrollando tu potencial y el de tu organizaci\u00f3n. Da click en cada<\/p>\n<a class=\"moretag noptoppad\" href=\"https:\/\/acelerant.com.mx\/index.php\/capacitacion-2\/\">Read More...<\/a>","protected":false},"author":1,"featured_media":545,"parent":0,"menu_order":0,"comment_status":"closed","ping_status":"closed","template":"","meta":{"_monsterinsights_skip_tracking":false,"_monsterinsights_sitenote_active":false,"_monsterinsights_sitenote_note":"","_monsterinsights_sitenote_category":0,"footnotes":""},"class_list":["post-48","page","type-page","status-publish","has-post-thumbnail","hentry"],"aioseo_notices":[],"_links":{"self":[{"href":"https:\/\/acelerant.com.mx\/index.php\/wp-json\/wp\/v2\/pages\/48","targetHints":{"allow":["GET"]}}],"collection":[{"href":"https:\/\/acelerant.com.mx\/index.php\/wp-json\/wp\/v2\/pages"}],"about":[{"href":"https:\/\/acelerant.com.mx\/index.php\/wp-json\/wp\/v2\/types\/page"}],"author":[{"embeddable":true,"href":"https:\/\/acelerant.com.mx\/index.php\/wp-json\/wp\/v2\/users\/1"}],"replies":[{"embeddable":true,"href":"https:\/\/acelerant.com.mx\/index.php\/wp-json\/wp\/v2\/comments?post=48"}],"version-history":[{"count":6,"href":"https:\/\/acelerant.com.mx\/index.php\/wp-json\/wp\/v2\/pages\/48\/revisions"}],"predecessor-version":[{"id":3724,"href":"https:\/\/acelerant.com.mx\/index.php\/wp-json\/wp\/v2\/pages\/48\/revisions\/3724"}],"wp:featuredmedia":[{"embeddable":true,"href":"https:\/\/acelerant.com.mx\/index.php\/wp-json\/wp\/v2\/media\/545"}],"wp:attachment":[{"href":"https:\/\/acelerant.com.mx\/index.php\/wp-json\/wp\/v2\/media?parent=48"}],"curies":[{"name":"wp","href":"https:\/\/api.w.org\/{rel}","templated":true}]}}