{"id":627,"date":"2018-09-17T23:04:54","date_gmt":"2018-09-17T23:04:54","guid":{"rendered":"http:\/\/acelerant.com.mx\/?page_id=627"},"modified":"2018-10-17T17:31:16","modified_gmt":"2018-10-17T17:31:16","slug":"presentaciones-en-juntas","status":"publish","type":"page","link":"https:\/\/acelerant.com.mx\/index.php\/presentaciones-en-juntas\/","title":{"rendered":"Presentaciones en Juntas"},"content":{"rendered":"<h2 style=\"text-align: center;\">PRESENTATION FOR MEETINGS<\/h2>\n<p>Muchas presentaciones se realizan durante las juntas. Harvard Business Review hace mucho an\u00e1lisis en saber si el tiempo en una junta es mejor empleado conversando o escuchando las presentaciones. La realidad es que no puedes eliminar alguna de esas opciones. Nuestro enfoque es muy interesante y productivo.<\/p>\n<p>Cuando presentas en una junta para lanzar una estrategia, pedir recursos, o vender alguna soluci\u00f3n, requieres que la gente acepte o compre tus ideas. Y ah\u00ed somos una gran fuerza para tus presentaciones.<\/p>\n<p><strong>Este TALLER \u00c1GIL te ayuda a lograr:<\/strong><\/p>\n<ul>\n<li>Comunicar y Convencer<\/li>\n<li>Definir Objetivos de Negocio y Personales<\/li>\n<li>Llamar e inspirar a la Acci\u00f3n<\/li>\n<li>Crear Visuales que mantengan la Atenci\u00f3n<\/li>\n<li>Usar Historias Visuales que logren el apoyo que buscas<\/li>\n<\/ul>\n<p><strong>Trabajamos de manera pr\u00e1ctica en tres ejes<\/strong><\/p>\n<ol>\n<li>HABILIDADES DE PRESENTADOR: Ejercicios que liberan tu potencial, An\u00e1lisis efectivo de tu audiencia, Calentamientos para el \u00e9xito<\/li>\n<li>JUNTAS EFECTIVAS: Como manejar Participaci\u00f3n. Como Manejar Personas Complicadas, y el definir Roles dentro de las Presentaciones.<\/li>\n<li>HABILIDADES DE LA PRESENTACI\u00d3N: Componentes de una Presentaci\u00f3n, Que hacer y que no hacer, Apoyos Visuales, Presentaci\u00f3n.<\/li>\n<\/ol>\n<p>Una presentaci\u00f3n en una junta puede ser pausado por dudas o preguntas, enfrentar ese reto requiere una preparaci\u00f3n adicional. Nuestro m\u00e9todo es una mezcla entre conversar y presentar, de tal manera que la audiencia vea que tiene \u201cLA INFORMACI\u00d3N CLAVE\u201d cuando la necesita. Que T\u00da tienes la retroalimentaci\u00f3n suficiente y sentir cuando presentar tu soluci\u00f3n. Que los visuales logren que la gente recuerde lo que a ti te interesa y que puedan profundizar donde a ti y a la audiencia le interesa.<\/p>\n<p>El resultado: Alcanzar los poyos que requieres, que la gente aproveche el tiempo y que las juntas sean productivas a trav\u00e9s de un TALLER \u00c1GIL ACELERANT.<\/p>\n<p><em>Nota: Si desea saber qui\u00e9nes m\u00e1s conforman nuestro cuerpo de instrucci\u00f3n y consultor\u00eda o requiere m\u00e1s informaci\u00f3n sobre la trayectoria y experiencia de estos, por favor no dude en solicitarla.<span style=\"color: #ffcc00;\"> <a style=\"color: #ffcc00;\" href=\"http:\/\/acelerant.com.mx\/index.php\/contacto-2\/\" target=\"_blank\" rel=\"noopener\">Click aqu\u00ed.<\/a><\/span><\/em><\/p>\n","protected":false},"excerpt":{"rendered":"<p>PRESENTATION FOR MEETINGS Muchas presentaciones se realizan durante las juntas. Harvard Business Review hace mucho an\u00e1lisis en saber si el tiempo en una junta es mejor empleado conversando o escuchando las presentaciones.<\/p>\n<a class=\"moretag noptoppad\" href=\"https:\/\/acelerant.com.mx\/index.php\/presentaciones-en-juntas\/\">Read More...<\/a>","protected":false},"author":1,"featured_media":687,"parent":0,"menu_order":0,"comment_status":"closed","ping_status":"closed","template":"","meta":{"_monsterinsights_skip_tracking":false,"_monsterinsights_sitenote_active":false,"_monsterinsights_sitenote_note":"","_monsterinsights_sitenote_category":0,"footnotes":""},"class_list":["post-627","page","type-page","status-publish","has-post-thumbnail","hentry"],"aioseo_notices":[],"_links":{"self":[{"href":"https:\/\/acelerant.com.mx\/index.php\/wp-json\/wp\/v2\/pages\/627","targetHints":{"allow":["GET"]}}],"collection":[{"href":"https:\/\/acelerant.com.mx\/index.php\/wp-json\/wp\/v2\/pages"}],"about":[{"href":"https:\/\/acelerant.com.mx\/index.php\/wp-json\/wp\/v2\/types\/page"}],"author":[{"embeddable":true,"href":"https:\/\/acelerant.com.mx\/index.php\/wp-json\/wp\/v2\/users\/1"}],"replies":[{"embeddable":true,"href":"https:\/\/acelerant.com.mx\/index.php\/wp-json\/wp\/v2\/comments?post=627"}],"version-history":[{"count":14,"href":"https:\/\/acelerant.com.mx\/index.php\/wp-json\/wp\/v2\/pages\/627\/revisions"}],"predecessor-version":[{"id":714,"href":"https:\/\/acelerant.com.mx\/index.php\/wp-json\/wp\/v2\/pages\/627\/revisions\/714"}],"wp:featuredmedia":[{"embeddable":true,"href":"https:\/\/acelerant.com.mx\/index.php\/wp-json\/wp\/v2\/media\/687"}],"wp:attachment":[{"href":"https:\/\/acelerant.com.mx\/index.php\/wp-json\/wp\/v2\/media?parent=627"}],"curies":[{"name":"wp","href":"https:\/\/api.w.org\/{rel}","templated":true}]}}