{"id":629,"date":"2018-09-17T23:05:30","date_gmt":"2018-09-17T23:05:30","guid":{"rendered":"http:\/\/acelerant.com.mx\/?page_id=629"},"modified":"2018-10-17T18:01:28","modified_gmt":"2018-10-17T18:01:28","slug":"comunicando-estrategias","status":"publish","type":"page","link":"https:\/\/acelerant.com.mx\/index.php\/comunicando-estrategias\/","title":{"rendered":"Comunicando Estrategias"},"content":{"rendered":"<h2 style=\"text-align: center;\">Comunicating Strategy<\/h2>\n<p><strong>Que Destelle y Permanezca el Cambio<\/strong><\/p>\n<p>Los grandes l\u00edderes saben mover un equipo a la acci\u00f3n, partiendo de una vis\u00f3n clara. Y luego viene lo complicado, mantener ese entusiasmo por el cambio a medida en que nos involucramos m\u00e1s en \u00e9l, y sobre todo cuando los problemas empiezan a surgir.<\/p>\n<p>Junto con nosotros entender\u00e1s a tu auditorio, sus motivaciones, sus deseos y necesidades; pero tambi\u00e9n sus frustraciones durante el cambio. Tu comunicaci\u00f3n entonces ser\u00e1 m\u00e1s persuasiva. En el taller tendr\u00e1s herramientas que logren desarrollar mensajes enfocados, bien pensados que se entreguen y expliquen en el momento y de la forma adecuada.<\/p>\n<p>Ya sea a trav\u00e9s de una presentaci\u00f3n o una conversaci\u00f3n que puede personalizarse incluso a nivel individual. Lograras construir un esfuerzo, una historia, una presentaci\u00f3n: UNA CAMPA\u00d1A con mensajes precisos y deliberados. Elegir\u00e1s los que m\u00e1s impacto y relevancia tendr\u00e1n con tu audiencia.<\/p>\n<p><em>Nota: Si desea saber qui\u00e9nes m\u00e1s conforman nuestro cuerpo de instrucci\u00f3n y consultor\u00eda o requiere m\u00e1s informaci\u00f3n sobre la trayectoria y experiencia de estos, por favor no dude en solicitarla. <span style=\"color: #ffcc00;\"><a style=\"color: #ffcc00;\" href=\"http:\/\/acelerant.com.mx\/index.php\/contacto-2\/\" target=\"_blank\" rel=\"noopener\">Click aqu\u00ed.<\/a><\/span><\/em><\/p>\n","protected":false},"excerpt":{"rendered":"<p>Comunicating Strategy Que Destelle y Permanezca el Cambio Los grandes l\u00edderes saben mover un equipo a la acci\u00f3n, partiendo de una vis\u00f3n clara. Y luego viene lo complicado, mantener ese entusiasmo por<\/p>\n<a class=\"moretag noptoppad\" href=\"https:\/\/acelerant.com.mx\/index.php\/comunicando-estrategias\/\">Read More...<\/a>","protected":false},"author":1,"featured_media":686,"parent":0,"menu_order":0,"comment_status":"closed","ping_status":"closed","template":"","meta":{"_monsterinsights_skip_tracking":false,"_monsterinsights_sitenote_active":false,"_monsterinsights_sitenote_note":"","_monsterinsights_sitenote_category":0,"footnotes":""},"class_list":["post-629","page","type-page","status-publish","has-post-thumbnail","hentry"],"aioseo_notices":[],"_links":{"self":[{"href":"https:\/\/acelerant.com.mx\/index.php\/wp-json\/wp\/v2\/pages\/629","targetHints":{"allow":["GET"]}}],"collection":[{"href":"https:\/\/acelerant.com.mx\/index.php\/wp-json\/wp\/v2\/pages"}],"about":[{"href":"https:\/\/acelerant.com.mx\/index.php\/wp-json\/wp\/v2\/types\/page"}],"author":[{"embeddable":true,"href":"https:\/\/acelerant.com.mx\/index.php\/wp-json\/wp\/v2\/users\/1"}],"replies":[{"embeddable":true,"href":"https:\/\/acelerant.com.mx\/index.php\/wp-json\/wp\/v2\/comments?post=629"}],"version-history":[{"count":7,"href":"https:\/\/acelerant.com.mx\/index.php\/wp-json\/wp\/v2\/pages\/629\/revisions"}],"predecessor-version":[{"id":723,"href":"https:\/\/acelerant.com.mx\/index.php\/wp-json\/wp\/v2\/pages\/629\/revisions\/723"}],"wp:featuredmedia":[{"embeddable":true,"href":"https:\/\/acelerant.com.mx\/index.php\/wp-json\/wp\/v2\/media\/686"}],"wp:attachment":[{"href":"https:\/\/acelerant.com.mx\/index.php\/wp-json\/wp\/v2\/media?parent=629"}],"curies":[{"name":"wp","href":"https:\/\/api.w.org\/{rel}","templated":true}]}}