{"id":631,"date":"2018-09-17T23:06:07","date_gmt":"2018-09-17T23:06:07","guid":{"rendered":"http:\/\/acelerant.com.mx\/?page_id=631"},"modified":"2018-10-17T17:32:34","modified_gmt":"2018-10-17T17:32:34","slug":"presentaciones-que-retumban-en-la-audiencia","status":"publish","type":"page","link":"https:\/\/acelerant.com.mx\/index.php\/presentaciones-que-retumban-en-la-audiencia\/","title":{"rendered":"Presentaciones que Retumban en la Audiencia"},"content":{"rendered":"<h2 style=\"text-align: center;\">Resonate Presentations<\/h2>\n<p><strong>Un taller de Presentaciones Persuasivas.<\/strong><\/p>\n<p>Te tomas el tiempo de planear y lograr una visi\u00f3n clara de lo que quieres, pero necesitas adem\u00e1s que esa idea importante encienda a tu audiencia, que la motive: Para eso, necesitas ser muy persuasivo.<\/p>\n<p>Durante casi 20 a\u00f1os hemos trabajado en presentaciones de ejecutivos en muchos tama\u00f1os de organizaci\u00f3n, desde conglomerados mundiales hasta profesionistas independientes. Hemos visto que las presentaciones que transforman usan las historias de manera efectiva.<\/p>\n<p>De todo ese aprendizaje en los a\u00f1os de experiencia, dise\u00f1amos este curso de presentaciones Persuasivas, que retumben en las personas de tu audiencia. No es solo que se escuche interesante, es que genere un impacto duradero en LA PERSONA que te escucha, sean 10 o los cuentes por cientos o incluso miles.<\/p>\n<p>La estructura de tu presentaci\u00f3n ser\u00e1 una historia \u00fanica que se ligue con tu audiencia y haga sentido en todo momento. Lograras por tanto, ser persuasivo.<\/p>\n<p><em>Nota: Si desea saber qui\u00e9nes m\u00e1s conforman nuestro cuerpo de instrucci\u00f3n y consultor\u00eda o requiere m\u00e1s informaci\u00f3n sobre la trayectoria y experiencia de estos, por favor no dude en solicitarla. <span style=\"color: #ffcc00;\"><a style=\"color: #ffcc00;\" href=\"http:\/\/acelerant.com.mx\/index.php\/contacto-2\/\" target=\"_blank\" rel=\"noopener\">Click aqu\u00ed.<\/a><\/span><\/em><\/p>\n","protected":false},"excerpt":{"rendered":"<p>Resonate Presentations Un taller de Presentaciones Persuasivas. Te tomas el tiempo de planear y lograr una visi\u00f3n clara de lo que quieres, pero necesitas adem\u00e1s que esa idea importante encienda a tu<\/p>\n<a class=\"moretag noptoppad\" href=\"https:\/\/acelerant.com.mx\/index.php\/presentaciones-que-retumban-en-la-audiencia\/\">Read More...<\/a>","protected":false},"author":1,"featured_media":705,"parent":0,"menu_order":0,"comment_status":"closed","ping_status":"closed","template":"","meta":{"_monsterinsights_skip_tracking":false,"_monsterinsights_sitenote_active":false,"_monsterinsights_sitenote_note":"","_monsterinsights_sitenote_category":0,"footnotes":""},"class_list":["post-631","page","type-page","status-publish","has-post-thumbnail","hentry"],"aioseo_notices":[],"_links":{"self":[{"href":"https:\/\/acelerant.com.mx\/index.php\/wp-json\/wp\/v2\/pages\/631","targetHints":{"allow":["GET"]}}],"collection":[{"href":"https:\/\/acelerant.com.mx\/index.php\/wp-json\/wp\/v2\/pages"}],"about":[{"href":"https:\/\/acelerant.com.mx\/index.php\/wp-json\/wp\/v2\/types\/page"}],"author":[{"embeddable":true,"href":"https:\/\/acelerant.com.mx\/index.php\/wp-json\/wp\/v2\/users\/1"}],"replies":[{"embeddable":true,"href":"https:\/\/acelerant.com.mx\/index.php\/wp-json\/wp\/v2\/comments?post=631"}],"version-history":[{"count":4,"href":"https:\/\/acelerant.com.mx\/index.php\/wp-json\/wp\/v2\/pages\/631\/revisions"}],"predecessor-version":[{"id":716,"href":"https:\/\/acelerant.com.mx\/index.php\/wp-json\/wp\/v2\/pages\/631\/revisions\/716"}],"wp:featuredmedia":[{"embeddable":true,"href":"https:\/\/acelerant.com.mx\/index.php\/wp-json\/wp\/v2\/media\/705"}],"wp:attachment":[{"href":"https:\/\/acelerant.com.mx\/index.php\/wp-json\/wp\/v2\/media?parent=631"}],"curies":[{"name":"wp","href":"https:\/\/api.w.org\/{rel}","templated":true}]}}