{"id":633,"date":"2018-09-17T23:06:37","date_gmt":"2018-09-17T23:06:37","guid":{"rendered":"http:\/\/acelerant.com.mx\/?page_id=633"},"modified":"2018-10-17T17:33:15","modified_gmt":"2018-10-17T17:33:15","slug":"historias-visuales","status":"publish","type":"page","link":"https:\/\/acelerant.com.mx\/index.php\/historias-visuales\/","title":{"rendered":"Historias Visuales"},"content":{"rendered":"<h2 style=\"text-align: center;\">Visual Stories Presentations<\/h2>\n<p><em>Nota: Si desea saber qui\u00e9nes m\u00e1s conforman nuestro cuerpo de instrucci\u00f3n y consultor\u00eda o requiere m\u00e1s informaci\u00f3n sobre la trayectoria y experiencia de estos, por favor no dude en solicitarla. <span style=\"color: #ffcc00;\"><a style=\"color: #ffcc00;\" href=\"http:\/\/acelerant.com.mx\/index.php\/contacto-2\/\" target=\"_blank\" rel=\"noopener\">Click aqu\u00ed.<\/a><\/span><\/em><\/p>\n","protected":false},"excerpt":{"rendered":"<p>Visual Stories Presentations Nota: Si desea saber qui\u00e9nes m\u00e1s conforman nuestro cuerpo de instrucci\u00f3n y consultor\u00eda o requiere m\u00e1s informaci\u00f3n sobre la trayectoria y experiencia de estos, por favor no dude en<\/p>\n<a class=\"moretag noptoppad\" href=\"https:\/\/acelerant.com.mx\/index.php\/historias-visuales\/\">Read More...<\/a>","protected":false},"author":1,"featured_media":0,"parent":0,"menu_order":0,"comment_status":"closed","ping_status":"closed","template":"","meta":{"_monsterinsights_skip_tracking":false,"_monsterinsights_sitenote_active":false,"_monsterinsights_sitenote_note":"","_monsterinsights_sitenote_category":0,"footnotes":""},"class_list":["post-633","page","type-page","status-publish","hentry"],"aioseo_notices":[],"_links":{"self":[{"href":"https:\/\/acelerant.com.mx\/index.php\/wp-json\/wp\/v2\/pages\/633","targetHints":{"allow":["GET"]}}],"collection":[{"href":"https:\/\/acelerant.com.mx\/index.php\/wp-json\/wp\/v2\/pages"}],"about":[{"href":"https:\/\/acelerant.com.mx\/index.php\/wp-json\/wp\/v2\/types\/page"}],"author":[{"embeddable":true,"href":"https:\/\/acelerant.com.mx\/index.php\/wp-json\/wp\/v2\/users\/1"}],"replies":[{"embeddable":true,"href":"https:\/\/acelerant.com.mx\/index.php\/wp-json\/wp\/v2\/comments?post=633"}],"version-history":[{"count":4,"href":"https:\/\/acelerant.com.mx\/index.php\/wp-json\/wp\/v2\/pages\/633\/revisions"}],"predecessor-version":[{"id":717,"href":"https:\/\/acelerant.com.mx\/index.php\/wp-json\/wp\/v2\/pages\/633\/revisions\/717"}],"wp:attachment":[{"href":"https:\/\/acelerant.com.mx\/index.php\/wp-json\/wp\/v2\/media?parent=633"}],"curies":[{"name":"wp","href":"https:\/\/api.w.org\/{rel}","templated":true}]}}