{"id":637,"date":"2018-09-17T23:08:49","date_gmt":"2018-09-17T23:08:49","guid":{"rendered":"http:\/\/acelerant.com.mx\/?page_id=637"},"modified":"2018-10-17T17:34:06","modified_gmt":"2018-10-17T17:34:06","slug":"coach-a-presentadores","status":"publish","type":"page","link":"https:\/\/acelerant.com.mx\/index.php\/coach-a-presentadores\/","title":{"rendered":"COACH A PRESENTADORES"},"content":{"rendered":"<h2 style=\"text-align: center;\">Presenters Coaching<\/h2>\n<p><em>Nota: Si desea saber qui\u00e9nes m\u00e1s conforman nuestro cuerpo de instrucci\u00f3n y consultor\u00eda o requiere m\u00e1s informaci\u00f3n sobre la trayectoria y experiencia de estos, por favor no dude en solicitarla. <span style=\"color: #ffcc00;\"><a style=\"color: #ffcc00;\" href=\"http:\/\/acelerant.com.mx\/index.php\/contacto-2\/\" target=\"_blank\" rel=\"noopener\">Click aqu\u00ed.<\/a><\/span><\/em><\/p>\n","protected":false},"excerpt":{"rendered":"<p>Presenters Coaching Nota: Si desea saber qui\u00e9nes m\u00e1s conforman nuestro cuerpo de instrucci\u00f3n y consultor\u00eda o requiere m\u00e1s informaci\u00f3n sobre la trayectoria y experiencia de estos, por favor no dude en solicitarla.<\/p>\n<a class=\"moretag noptoppad\" href=\"https:\/\/acelerant.com.mx\/index.php\/coach-a-presentadores\/\">Read More...<\/a>","protected":false},"author":1,"featured_media":0,"parent":0,"menu_order":0,"comment_status":"closed","ping_status":"closed","template":"","meta":{"_monsterinsights_skip_tracking":false,"_monsterinsights_sitenote_active":false,"_monsterinsights_sitenote_note":"","_monsterinsights_sitenote_category":0,"footnotes":""},"class_list":["post-637","page","type-page","status-publish","hentry"],"aioseo_notices":[],"_links":{"self":[{"href":"https:\/\/acelerant.com.mx\/index.php\/wp-json\/wp\/v2\/pages\/637","targetHints":{"allow":["GET"]}}],"collection":[{"href":"https:\/\/acelerant.com.mx\/index.php\/wp-json\/wp\/v2\/pages"}],"about":[{"href":"https:\/\/acelerant.com.mx\/index.php\/wp-json\/wp\/v2\/types\/page"}],"author":[{"embeddable":true,"href":"https:\/\/acelerant.com.mx\/index.php\/wp-json\/wp\/v2\/users\/1"}],"replies":[{"embeddable":true,"href":"https:\/\/acelerant.com.mx\/index.php\/wp-json\/wp\/v2\/comments?post=637"}],"version-history":[{"count":3,"href":"https:\/\/acelerant.com.mx\/index.php\/wp-json\/wp\/v2\/pages\/637\/revisions"}],"predecessor-version":[{"id":719,"href":"https:\/\/acelerant.com.mx\/index.php\/wp-json\/wp\/v2\/pages\/637\/revisions\/719"}],"wp:attachment":[{"href":"https:\/\/acelerant.com.mx\/index.php\/wp-json\/wp\/v2\/media?parent=637"}],"curies":[{"name":"wp","href":"https:\/\/api.w.org\/{rel}","templated":true}]}}