{"id":93,"date":"2015-05-07T17:53:11","date_gmt":"2015-05-07T17:53:11","guid":{"rendered":"http:\/\/localhost\/acelerant\/?page_id=93"},"modified":"2020-11-10T04:55:57","modified_gmt":"2020-11-10T04:55:57","slug":"mision-y-vision","status":"publish","type":"page","link":"https:\/\/acelerant.com.mx\/index.php\/mision-y-vision\/","title":{"rendered":"Misi\u00f3n y Visi\u00f3n"},"content":{"rendered":"<p style=\"text-align: justify;\"><strong>MISI\u00d3N<\/strong><br \/>\nAcelerar el potencial de personas y equipos incrementando sus capacidades y habilidades a trav\u00e9s de nuestros servicios de capacitaci\u00f3n y consultor\u00eda.<\/p>\n<p><strong>VISI\u00d3N<\/strong><\/p>\n<p>Ser un grupo de profesionistas comprometidos con la alta calidad de los servicios que ofrecemos, alcanzando los objetivos de cada proyecto en que participamos y logrando as\u00ed seguir desarrollando las capacidades y el potencial de nuestros accionistas y colaboradores.<\/p>\n<p><em>Si requieres m\u00e1s informaci\u00f3n sobre nosotros y deseas que nos pongamos en contacto contigo para ayudarte en alg\u00fan reto espec\u00edfico, por favor da <a href=\"http:\/\/acelerant.com.mx\/index.php\/contacto-2\/\" target=\"_blank\" rel=\"noopener noreferrer\">click aqu\u00ed<\/a>.<\/em><\/p>\n","protected":false},"excerpt":{"rendered":"<p>MISI\u00d3N Acelerar el potencial de personas y equipos incrementando sus capacidades y habilidades a trav\u00e9s de nuestros servicios de capacitaci\u00f3n y consultor\u00eda. VISI\u00d3N Ser un grupo de profesionistas comprometidos con la alta<\/p>\n<a class=\"moretag noptoppad\" href=\"https:\/\/acelerant.com.mx\/index.php\/mision-y-vision\/\">Read More...<\/a>","protected":false},"author":1,"featured_media":538,"parent":0,"menu_order":0,"comment_status":"closed","ping_status":"closed","template":"","meta":{"_monsterinsights_skip_tracking":false,"_monsterinsights_sitenote_active":false,"_monsterinsights_sitenote_note":"","_monsterinsights_sitenote_category":0,"footnotes":""},"class_list":["post-93","page","type-page","status-publish","has-post-thumbnail","hentry"],"aioseo_notices":[],"_links":{"self":[{"href":"https:\/\/acelerant.com.mx\/index.php\/wp-json\/wp\/v2\/pages\/93","targetHints":{"allow":["GET"]}}],"collection":[{"href":"https:\/\/acelerant.com.mx\/index.php\/wp-json\/wp\/v2\/pages"}],"about":[{"href":"https:\/\/acelerant.com.mx\/index.php\/wp-json\/wp\/v2\/types\/page"}],"author":[{"embeddable":true,"href":"https:\/\/acelerant.com.mx\/index.php\/wp-json\/wp\/v2\/users\/1"}],"replies":[{"embeddable":true,"href":"https:\/\/acelerant.com.mx\/index.php\/wp-json\/wp\/v2\/comments?post=93"}],"version-history":[{"count":4,"href":"https:\/\/acelerant.com.mx\/index.php\/wp-json\/wp\/v2\/pages\/93\/revisions"}],"predecessor-version":[{"id":3718,"href":"https:\/\/acelerant.com.mx\/index.php\/wp-json\/wp\/v2\/pages\/93\/revisions\/3718"}],"wp:featuredmedia":[{"embeddable":true,"href":"https:\/\/acelerant.com.mx\/index.php\/wp-json\/wp\/v2\/media\/538"}],"wp:attachment":[{"href":"https:\/\/acelerant.com.mx\/index.php\/wp-json\/wp\/v2\/media?parent=93"}],"curies":[{"name":"wp","href":"https:\/\/api.w.org\/{rel}","templated":true}]}}